{"id":3279,"date":"2021-11-12T18:00:00","date_gmt":"2021-11-12T17:00:00","guid":{"rendered":"https:\/\/voyageetdestination.fr\/?page_id=3279"},"modified":"2022-01-28T23:58:44","modified_gmt":"2022-01-28T22:58:44","slug":"en-alsace","status":"publish","type":"page","link":"https:\/\/voyageetdestination.fr\/index.php\/en-alsace\/","title":{"rendered":"En Alsace et dans le Grand Est"},"content":{"rendered":"\n<p>La d\u00e9couverte de l&rsquo;Alsace.<\/p>\n\n\n\n<hr class=\"wp-block-separator\"\/>\n\n\n<ul class=\"wp-block-latest-posts__list wp-block-latest-posts\"><li><div class=\"wp-block-latest-posts__featured-image\"><img loading=\"lazy\" decoding=\"async\" width=\"150\" height=\"150\" src=\"https:\/\/voyageetdestination.fr\/wp-content\/uploads\/2025\/05\/PXL_20240728_142227066.MP_-150x150.jpg\" class=\"attachment-thumbnail size-thumbnail wp-post-image\" alt=\"\" style=\"\" data-attachment-id=\"5072\" data-permalink=\"https:\/\/voyageetdestination.fr\/pxl_20240728_142227066-mp\/\" data-orig-file=\"https:\/\/voyageetdestination.fr\/wp-content\/uploads\/2025\/05\/PXL_20240728_142227066.MP_-scaled.jpg\" data-orig-size=\"2560,1829\" data-comments-opened=\"1\" data-image-meta=\"{&quot;aperture&quot;:&quot;2.2&quot;,&quot;credit&quot;:&quot;&quot;,&quot;camera&quot;:&quot;Pixel 7&quot;,&quot;caption&quot;:&quot;&quot;,&quot;created_timestamp&quot;:&quot;1722183747&quot;,&quot;copyright&quot;:&quot;&quot;,&quot;focal_length&quot;:&quot;2.35&quot;,&quot;iso&quot;:&quot;50&quot;,&quot;shutter_speed&quot;:&quot;0.00017599436818022&quot;,&quot;title&quot;:&quot;&quot;,&quot;orientation&quot;:&quot;0&quot;}\" data-image-title=\"PXL_20240728_142227066.MP\" data-image-description=\"\" data-image-caption=\"&lt;p&gt;Le Palais du Gouverneur&lt;\/p&gt;\n\" data-large-file=\"https:\/\/voyageetdestination.fr\/wp-content\/uploads\/2025\/05\/PXL_20240728_142227066.MP_-1024x732.jpg\" \/><\/div><a class=\"wp-block-latest-posts__post-title\" href=\"https:\/\/voyageetdestination.fr\/index.php\/2025\/06\/04\/une-escapade-a-metz-entre-histoire-art-et-nature\/\">Une escapade \u00e0 Metz : entre histoire, art et nature<\/a><div class=\"wp-block-latest-posts__post-excerpt\">L\u2019ann\u00e9e derni\u00e8re, nous avons eu le plaisir de visiter un Metz un peu plus en profondeur. Pr\u00eats \u00e0 embarquer pour une d\u00e9couverte de cette ville au patrimoine exceptionnel ? \ud83c\udfdb\ufe0f Un patrimoine d\u2019exception Lorsque l\u2019on voyage en train, la gare de Metz est le premier site \u00e0 d\u00e9couvrir, et pas des moindres. Inaugur\u00e9e en 1908,\u2026 <a class=\"wp-block-latest-posts__read-more\" href=\"https:\/\/voyageetdestination.fr\/index.php\/2025\/06\/04\/une-escapade-a-metz-entre-histoire-art-et-nature\/\" rel=\"noopener noreferrer\">Lire la suite<span class=\"screen-reader-text\">\u00a0: Une escapade \u00e0 Metz : entre histoire, art et nature<\/span><\/a><\/div><\/li>\n<li><div class=\"wp-block-latest-posts__featured-image\"><img loading=\"lazy\" decoding=\"async\" width=\"150\" height=\"150\" src=\"https:\/\/voyageetdestination.fr\/wp-content\/uploads\/2025\/05\/DSF4015-150x150.jpg\" class=\"attachment-thumbnail size-thumbnail wp-post-image\" alt=\"\" style=\"\" data-attachment-id=\"5017\" data-permalink=\"https:\/\/voyageetdestination.fr\/index.php\/2025\/05\/14\/un-week-end-a-nancy\/_dsf4015\/\" data-orig-file=\"https:\/\/voyageetdestination.fr\/wp-content\/uploads\/2025\/05\/DSF4015-scaled.jpg\" data-orig-size=\"2560,1706\" data-comments-opened=\"1\" data-image-meta=\"{&quot;aperture&quot;:&quot;8&quot;,&quot;credit&quot;:&quot;&quot;,&quot;camera&quot;:&quot;X-T30&quot;,&quot;caption&quot;:&quot;&quot;,&quot;created_timestamp&quot;:&quot;1662736392&quot;,&quot;copyright&quot;:&quot;&quot;,&quot;focal_length&quot;:&quot;18&quot;,&quot;iso&quot;:&quot;160&quot;,&quot;shutter_speed&quot;:&quot;0.0083333333333333&quot;,&quot;title&quot;:&quot;&quot;,&quot;orientation&quot;:&quot;0&quot;}\" data-image-title=\"_DSF4015\" data-image-description=\"\" data-image-caption=\"\" data-large-file=\"https:\/\/voyageetdestination.fr\/wp-content\/uploads\/2025\/05\/DSF4015-1024x683.jpg\" \/><\/div><a class=\"wp-block-latest-posts__post-title\" href=\"https:\/\/voyageetdestination.fr\/index.php\/2025\/05\/14\/un-week-end-a-nancy\/\">Un week-end \u00e0 Nancy<\/a><div class=\"wp-block-latest-posts__post-excerpt\">Les beaux jours arrivent \u00e0 grands pas, et avec eux l\u2019envie de partir explorer de nouvelles villes. Cette fois-ci, cap sur le Grand-Est pour une escapade \u00e0 Nancy, une ville pleine de charme et de patrimoine ! On conna\u00eet souvent Nancy pour sa majestueuse Place Stanislas, class\u00e9e au patrimoine mondial de l\u2019UNESCO et r\u00e9guli\u00e8rement cit\u00e9e\u2026 <a class=\"wp-block-latest-posts__read-more\" href=\"https:\/\/voyageetdestination.fr\/index.php\/2025\/05\/14\/un-week-end-a-nancy\/\" rel=\"noopener noreferrer\">Lire la suite<span class=\"screen-reader-text\">\u00a0: Un week-end \u00e0 Nancy<\/span><\/a><\/div><\/li>\n<li><div class=\"wp-block-latest-posts__featured-image\"><img loading=\"lazy\" decoding=\"async\" width=\"150\" height=\"150\" src=\"https:\/\/voyageetdestination.fr\/wp-content\/uploads\/2023\/01\/DSF1032-150x150.jpg\" class=\"attachment-thumbnail size-thumbnail wp-post-image\" alt=\"\" style=\"\" data-attachment-id=\"3695\" data-permalink=\"https:\/\/voyageetdestination.fr\/_dsf1032\/\" data-orig-file=\"https:\/\/voyageetdestination.fr\/wp-content\/uploads\/2023\/01\/DSF1032-scaled.jpg\" data-orig-size=\"2560,1829\" data-comments-opened=\"1\" data-image-meta=\"{&quot;aperture&quot;:&quot;8&quot;,&quot;credit&quot;:&quot;&quot;,&quot;camera&quot;:&quot;X-T30&quot;,&quot;caption&quot;:&quot;&quot;,&quot;created_timestamp&quot;:&quot;1630847413&quot;,&quot;copyright&quot;:&quot;&quot;,&quot;focal_length&quot;:&quot;39&quot;,&quot;iso&quot;:&quot;160&quot;,&quot;shutter_speed&quot;:&quot;0.011111111111111&quot;,&quot;title&quot;:&quot;&quot;,&quot;orientation&quot;:&quot;0&quot;}\" data-image-title=\"_DSF1032\" data-image-description=\"\" data-image-caption=\"&lt;p&gt;Cour du Mus\u00e9e Bartholdi avec les grands soutiens du monde&lt;\/p&gt;\n\" data-large-file=\"https:\/\/voyageetdestination.fr\/wp-content\/uploads\/2023\/01\/DSF1032-1024x732.jpg\" \/><\/div><a class=\"wp-block-latest-posts__post-title\" href=\"https:\/\/voyageetdestination.fr\/index.php\/2023\/01\/31\/une-visite-de-musee-a-colmar\/\">Une visite de mus\u00e9e \u00e0 Colmar<\/a><div class=\"wp-block-latest-posts__post-excerpt\">Pour bien commencer l\u2019ann\u00e9e, on visite un mus\u00e9e. Parmi les mus\u00e9es que je souhaitais visiter \u00e0 Colmar figurait, en bonne position, le mus\u00e9e Bartholdi.&nbsp; Ce nom ne vous dit rien ? Mais si, bien s\u00fbr que si, vous le connaissez sans doute ! Il s\u2019agit du sculpteur internationalement reconnu pour avoir cr\u00e9\u00e9, entre autres, la\u2026 <a class=\"wp-block-latest-posts__read-more\" href=\"https:\/\/voyageetdestination.fr\/index.php\/2023\/01\/31\/une-visite-de-musee-a-colmar\/\" rel=\"noopener noreferrer\">Lire la suite<span class=\"screen-reader-text\">\u00a0: Une visite de mus\u00e9e \u00e0 Colmar<\/span><\/a><\/div><\/li>\n<li><div class=\"wp-block-latest-posts__featured-image\"><img loading=\"lazy\" decoding=\"async\" width=\"150\" height=\"150\" src=\"https:\/\/voyageetdestination.fr\/wp-content\/uploads\/2022\/11\/IMG_20210623_161012_1-150x150.jpg\" class=\"attachment-thumbnail size-thumbnail wp-post-image\" alt=\"\" style=\"\" data-attachment-id=\"3584\" data-permalink=\"https:\/\/voyageetdestination.fr\/img_20210623_161012_1\/\" data-orig-file=\"https:\/\/voyageetdestination.fr\/wp-content\/uploads\/2022\/11\/IMG_20210623_161012_1-scaled.jpg\" data-orig-size=\"2560,1920\" data-comments-opened=\"1\" data-image-meta=\"{&quot;aperture&quot;:&quot;1.8&quot;,&quot;credit&quot;:&quot;&quot;,&quot;camera&quot;:&quot;HRY-LX1&quot;,&quot;caption&quot;:&quot;&quot;,&quot;created_timestamp&quot;:&quot;1624464615&quot;,&quot;copyright&quot;:&quot;&quot;,&quot;focal_length&quot;:&quot;3.6&quot;,&quot;iso&quot;:&quot;50&quot;,&quot;shutter_speed&quot;:&quot;0.00052301255230126&quot;,&quot;title&quot;:&quot;&quot;,&quot;orientation&quot;:&quot;0&quot;}\" data-image-title=\"IMG_20210623_161012_1\" data-image-description=\"\" data-image-caption=\"&lt;p&gt;Architecture en noir et blanc&lt;\/p&gt;\n\" data-large-file=\"https:\/\/voyageetdestination.fr\/wp-content\/uploads\/2022\/11\/IMG_20210623_161012_1-1024x768.jpg\" \/><\/div><a class=\"wp-block-latest-posts__post-title\" href=\"https:\/\/voyageetdestination.fr\/index.php\/2022\/11\/15\/histoires-de-chateaux\/\">Histoires de ch\u00e2teaux<\/a><div class=\"wp-block-latest-posts__post-excerpt\">Toujours dans l\u2019Yonne, nous nous rendons cette fois-ci \u00e0 Saint-Fargeau. Le plus impressionnant \u00e0 Saint-Fargeau, c\u2019est bien son formidable ch\u00e2teau tout en briques roses. Ses dimensions sont particuli\u00e8rement imposantes, notamment les deux tours de la porte principale. Le ch\u00e2teau de Saint-Fargeau, ouvert \u00e0 la visite progressivement apr\u00e8s son rachat en 1979, est le d\u00e9cor d\u2019un\u2026 <a class=\"wp-block-latest-posts__read-more\" href=\"https:\/\/voyageetdestination.fr\/index.php\/2022\/11\/15\/histoires-de-chateaux\/\" rel=\"noopener noreferrer\">Lire la suite<span class=\"screen-reader-text\">\u00a0: Histoires de ch\u00e2teaux<\/span><\/a><\/div><\/li>\n<li><div class=\"wp-block-latest-posts__featured-image\"><img loading=\"lazy\" decoding=\"async\" width=\"150\" height=\"150\" src=\"https:\/\/voyageetdestination.fr\/wp-content\/uploads\/2022\/11\/IMG_20220103_121532-150x150.jpg\" class=\"attachment-thumbnail size-thumbnail wp-post-image\" alt=\"\" style=\"\" data-attachment-id=\"3567\" data-permalink=\"https:\/\/voyageetdestination.fr\/img_20220103_121532\/\" data-orig-file=\"https:\/\/voyageetdestination.fr\/wp-content\/uploads\/2022\/11\/IMG_20220103_121532-scaled.jpg\" data-orig-size=\"2560,1920\" data-comments-opened=\"1\" data-image-meta=\"{&quot;aperture&quot;:&quot;1.8&quot;,&quot;credit&quot;:&quot;&quot;,&quot;camera&quot;:&quot;HRY-LX1&quot;,&quot;caption&quot;:&quot;&quot;,&quot;created_timestamp&quot;:&quot;1641212134&quot;,&quot;copyright&quot;:&quot;&quot;,&quot;focal_length&quot;:&quot;3.6&quot;,&quot;iso&quot;:&quot;50&quot;,&quot;shutter_speed&quot;:&quot;0.0060606060606061&quot;,&quot;title&quot;:&quot;&quot;,&quot;orientation&quot;:&quot;0&quot;}\" data-image-title=\"IMG_20220103_121532\" data-image-description=\"\" data-image-caption=\"&lt;p&gt;La Fosse Dionne&lt;\/p&gt;\n\" data-large-file=\"https:\/\/voyageetdestination.fr\/wp-content\/uploads\/2022\/11\/IMG_20220103_121532-1024x768.jpg\" \/><\/div><a class=\"wp-block-latest-posts__post-title\" href=\"https:\/\/voyageetdestination.fr\/index.php\/2022\/11\/08\/coup-de-coeur-pour-tonnerre\/\">Coup de c\u0153ur pour Tonnerre<\/a><div class=\"wp-block-latest-posts__post-excerpt\">Cette semaine, on vous emm\u00e8ne \u00e0 Tonnerre, dans l\u2019Yonne. Pr\u00eat \u00e0 d\u00e9couvrir une toute petite ville accroch\u00e9e \u00e0&nbsp;la colline et travers\u00e9e par le canal de Bourgogne ? On s&rsquo;y rend ! Tonnerre compte parmi les Petites cit\u00e9s de caract\u00e8re de Bourgogne, tout comme Saint-Fargeau que nous verrons un peu plus tard. Gr\u00e2ce son ensemble architectural,\u2026 <a class=\"wp-block-latest-posts__read-more\" href=\"https:\/\/voyageetdestination.fr\/index.php\/2022\/11\/08\/coup-de-coeur-pour-tonnerre\/\" rel=\"noopener noreferrer\">Lire la suite<span class=\"screen-reader-text\">\u00a0: Coup de c\u0153ur pour Tonnerre<\/span><\/a><\/div><\/li>\n<li><div class=\"wp-block-latest-posts__featured-image\"><img loading=\"lazy\" decoding=\"async\" width=\"150\" height=\"150\" src=\"https:\/\/voyageetdestination.fr\/wp-content\/uploads\/2022\/01\/IMG_20210623_114900-150x150.jpg\" class=\"attachment-thumbnail size-thumbnail wp-post-image\" alt=\"\" style=\"\" data-attachment-id=\"3503\" data-permalink=\"https:\/\/voyageetdestination.fr\/img_20210623_114900\/\" data-orig-file=\"https:\/\/voyageetdestination.fr\/wp-content\/uploads\/2022\/01\/IMG_20210623_114900-scaled.jpg\" data-orig-size=\"2560,1920\" data-comments-opened=\"1\" data-image-meta=\"{&quot;aperture&quot;:&quot;1.8&quot;,&quot;credit&quot;:&quot;&quot;,&quot;camera&quot;:&quot;HRY-LX1&quot;,&quot;caption&quot;:&quot;&quot;,&quot;created_timestamp&quot;:&quot;1624448942&quot;,&quot;copyright&quot;:&quot;&quot;,&quot;focal_length&quot;:&quot;3.6&quot;,&quot;iso&quot;:&quot;50&quot;,&quot;shutter_speed&quot;:&quot;0.00058513750731422&quot;,&quot;title&quot;:&quot;&quot;,&quot;orientation&quot;:&quot;0&quot;}\" data-image-title=\"IMG_20210623_114900\" data-image-description=\"\" data-image-caption=\"&lt;p&gt;La Maison Renaissance&lt;\/p&gt;\n\" data-large-file=\"https:\/\/voyageetdestination.fr\/wp-content\/uploads\/2022\/01\/IMG_20210623_114900-1024x768.jpg\" \/><\/div><a class=\"wp-block-latest-posts__post-title\" href=\"https:\/\/voyageetdestination.fr\/index.php\/2022\/01\/29\/de-passage-a-langres\/\">De passage \u00e0 Langres<\/a><div class=\"wp-block-latest-posts__post-excerpt\">Il y a quelque temps, nous avons pu d\u00e9couvrir Langres, une tr\u00e8s jolie ville fortifi\u00e9e en Haute-Marne, dans le Grand-Est. Ville d&rsquo;Art et d&rsquo;Histoire, Langres surplombe un tr\u00e8s beau paysage de verdure, au sud de Chaumont. Une ville fortifi\u00e9e En arrivant \u00e0 Langres, impossible de rater les fortifications ! Les hauts remparts de la ville\u2026 <a class=\"wp-block-latest-posts__read-more\" href=\"https:\/\/voyageetdestination.fr\/index.php\/2022\/01\/29\/de-passage-a-langres\/\" rel=\"noopener noreferrer\">Lire la suite<span class=\"screen-reader-text\">\u00a0: De passage \u00e0 Langres<\/span><\/a><\/div><\/li>\n<li><div class=\"wp-block-latest-posts__featured-image\"><img loading=\"lazy\" decoding=\"async\" width=\"150\" height=\"150\" src=\"https:\/\/voyageetdestination.fr\/wp-content\/uploads\/2021\/12\/DSF1291-150x150.jpg\" class=\"attachment-thumbnail size-thumbnail wp-post-image\" alt=\"\" style=\"\" data-attachment-id=\"3442\" data-permalink=\"https:\/\/voyageetdestination.fr\/_dsf1291\/\" data-orig-file=\"https:\/\/voyageetdestination.fr\/wp-content\/uploads\/2021\/12\/DSF1291.jpg\" data-orig-size=\"2500,1786\" data-comments-opened=\"1\" data-image-meta=\"{&quot;aperture&quot;:&quot;5&quot;,&quot;credit&quot;:&quot;&quot;,&quot;camera&quot;:&quot;X-T30&quot;,&quot;caption&quot;:&quot;&quot;,&quot;created_timestamp&quot;:&quot;1632062950&quot;,&quot;copyright&quot;:&quot;&quot;,&quot;focal_length&quot;:&quot;18&quot;,&quot;iso&quot;:&quot;160&quot;,&quot;shutter_speed&quot;:&quot;0.00625&quot;,&quot;title&quot;:&quot;&quot;,&quot;orientation&quot;:&quot;1&quot;}\" data-image-title=\"_DSF1291\" data-image-description=\"\" data-image-caption=\"\" data-large-file=\"https:\/\/voyageetdestination.fr\/wp-content\/uploads\/2021\/12\/DSF1291-1024x732.jpg\" \/><\/div><a class=\"wp-block-latest-posts__post-title\" href=\"https:\/\/voyageetdestination.fr\/index.php\/2021\/12\/01\/strasbourg-le-palais-du-gouverneur\/\">Strasbourg | Le Palais du Gouverneur<\/a><div class=\"wp-block-latest-posts__post-excerpt\">Journ\u00e9es europ\u00e9ennes du Patrimoine | \u00c9dition 2021 &#8211; Partie 3 Troisi\u00e8me et derni\u00e8re \u00e9tape de ces Journ\u00e9es europ\u00e9ennes du Patrimoine \u00e0 la d\u00e9couverte de l&rsquo;Alsace ! (Si vous n&rsquo;avez pas lu les articles pr\u00e9c\u00e9dents, vous pouvez commencer par ici et l\u00e0.) Tout comme le Palais du Rhin, le Palais du Gouverneur militaire de Strasbourg, aussi\u2026 <a class=\"wp-block-latest-posts__read-more\" href=\"https:\/\/voyageetdestination.fr\/index.php\/2021\/12\/01\/strasbourg-le-palais-du-gouverneur\/\" rel=\"noopener noreferrer\">Lire la suite<span class=\"screen-reader-text\">\u00a0: Strasbourg | Le Palais du Gouverneur<\/span><\/a><\/div><\/li>\n<li><div class=\"wp-block-latest-posts__featured-image\"><img loading=\"lazy\" decoding=\"async\" width=\"150\" height=\"150\" src=\"https:\/\/voyageetdestination.fr\/wp-content\/uploads\/2021\/11\/DSF1259-150x150.jpg\" class=\"attachment-thumbnail size-thumbnail wp-post-image\" alt=\"\" style=\"\" data-attachment-id=\"3418\" data-permalink=\"https:\/\/voyageetdestination.fr\/_dsf1259\/\" data-orig-file=\"https:\/\/voyageetdestination.fr\/wp-content\/uploads\/2021\/11\/DSF1259.jpg\" data-orig-size=\"2500,1667\" data-comments-opened=\"1\" data-image-meta=\"{&quot;aperture&quot;:&quot;6.4&quot;,&quot;credit&quot;:&quot;&quot;,&quot;camera&quot;:&quot;X-T30&quot;,&quot;caption&quot;:&quot;&quot;,&quot;created_timestamp&quot;:&quot;1632060840&quot;,&quot;copyright&quot;:&quot;&quot;,&quot;focal_length&quot;:&quot;18&quot;,&quot;iso&quot;:&quot;4000&quot;,&quot;shutter_speed&quot;:&quot;0.038461538461538&quot;,&quot;title&quot;:&quot;&quot;,&quot;orientation&quot;:&quot;1&quot;}\" data-image-title=\"Alsace\" data-image-description=\"\" data-image-caption=\"&lt;p&gt;L&amp;rsquo;escalier d&amp;rsquo;honneur&lt;\/p&gt;\n\" data-large-file=\"https:\/\/voyageetdestination.fr\/wp-content\/uploads\/2021\/11\/DSF1259-1024x683.jpg\" \/><\/div><a class=\"wp-block-latest-posts__post-title\" href=\"https:\/\/voyageetdestination.fr\/index.php\/2021\/11\/23\/strasbourg-le-palais-du-rhin\/\">Strasbourg | Le Palais du Rhin<\/a><div class=\"wp-block-latest-posts__post-excerpt\">Journ\u00e9es europ\u00e9ennes du Patrimoine | \u00c9dition 2021 &#8211; Partie 2 Dans le cadre des Journ\u00e9es europ\u00e9ennes du Patrimoine et pour cette deuxi\u00e8me \u00e9tape de nos visites \u00e0 Strasbourg, nous nous rendons en centre-ville en direction du Palais du Rhin.&nbsp; En route pour cette nouvelle \u00e9tape \u00e0 la d\u00e9couverte de l&rsquo;Alsace ! (Si vous n&rsquo;avez pas\u2026 <a class=\"wp-block-latest-posts__read-more\" href=\"https:\/\/voyageetdestination.fr\/index.php\/2021\/11\/23\/strasbourg-le-palais-du-rhin\/\" rel=\"noopener noreferrer\">Lire la suite<span class=\"screen-reader-text\">\u00a0: Strasbourg | Le Palais du Rhin<\/span><\/a><\/div><\/li>\n<li><div class=\"wp-block-latest-posts__featured-image\"><img loading=\"lazy\" decoding=\"async\" width=\"150\" height=\"150\" src=\"https:\/\/voyageetdestination.fr\/wp-content\/uploads\/2021\/11\/DSF1199-150x150.jpg\" class=\"attachment-thumbnail size-thumbnail wp-post-image\" alt=\"\" style=\"\" data-attachment-id=\"3267\" data-permalink=\"https:\/\/voyageetdestination.fr\/_dsf1199\/\" data-orig-file=\"https:\/\/voyageetdestination.fr\/wp-content\/uploads\/2021\/11\/DSF1199.jpg\" data-orig-size=\"2500,1786\" data-comments-opened=\"1\" data-image-meta=\"{&quot;aperture&quot;:&quot;7.1&quot;,&quot;credit&quot;:&quot;&quot;,&quot;camera&quot;:&quot;X-T30&quot;,&quot;caption&quot;:&quot;&quot;,&quot;created_timestamp&quot;:&quot;1632044149&quot;,&quot;copyright&quot;:&quot;&quot;,&quot;focal_length&quot;:&quot;18&quot;,&quot;iso&quot;:&quot;160&quot;,&quot;shutter_speed&quot;:&quot;0.0028571428571429&quot;,&quot;title&quot;:&quot;&quot;,&quot;orientation&quot;:&quot;1&quot;}\" data-image-title=\"Strasbourg\" data-image-description=\"\" data-image-caption=\"&lt;p&gt;Vue du Palais Rohan sur la cath\u00e9drale&lt;\/p&gt;\n\" data-large-file=\"https:\/\/voyageetdestination.fr\/wp-content\/uploads\/2021\/11\/DSF1199-1024x732.jpg\" \/><\/div><a class=\"wp-block-latest-posts__post-title\" href=\"https:\/\/voyageetdestination.fr\/index.php\/2021\/11\/16\/strasbourg-dans-les-pas-des-romains\/\">Strasbourg | Dans les pas des Romains<\/a><div class=\"wp-block-latest-posts__post-excerpt\">Journ\u00e9es europ\u00e9ennes du Patrimoine | \u00c9dition 2021 &#8211; Partie 1 Ayant d\u00e9m\u00e9nag\u00e9 l&rsquo;ann\u00e9e fin 2020, en septembre, c&rsquo;\u00e9tait l&rsquo;occasion de participer aux Journ\u00e9es europ\u00e9ennes du Patrimoine dans notre nouvelle r\u00e9gion l&rsquo;Alsace. Pour cette \u00e9dition, nous avons d\u00e9cid\u00e9 de faire quelques visites \u00e0 Strasbourg. Suivez-nous pour la premi\u00e8re \u00e9tape ! \u00c0 la d\u00e9couverte des divinit\u00e9s romaines\u2026 <a class=\"wp-block-latest-posts__read-more\" href=\"https:\/\/voyageetdestination.fr\/index.php\/2021\/11\/16\/strasbourg-dans-les-pas-des-romains\/\" rel=\"noopener noreferrer\">Lire la suite<span class=\"screen-reader-text\">\u00a0: Strasbourg | Dans les pas des Romains<\/span><\/a><\/div><\/li>\n<\/ul>\n\n\n<p><\/p>\n","protected":false},"excerpt":{"rendered":"<p class=\"text-justify\">La d\u00e9couverte de l&rsquo;Alsace.<\/p>\n","protected":false},"author":1,"featured_media":0,"parent":0,"menu_order":0,"comment_status":"closed","ping_status":"closed","template":"","meta":{"jetpack_post_was_ever_published":false,"footnotes":""},"class_list":["post-3279","page","type-page","status-publish","hentry"],"jetpack_sharing_enabled":true,"jetpack_likes_enabled":true,"_links":{"self":[{"href":"https:\/\/voyageetdestination.fr\/index.php\/wp-json\/wp\/v2\/pages\/3279","targetHints":{"allow":["GET"]}}],"collection":[{"href":"https:\/\/voyageetdestination.fr\/index.php\/wp-json\/wp\/v2\/pages"}],"about":[{"href":"https:\/\/voyageetdestination.fr\/index.php\/wp-json\/wp\/v2\/types\/page"}],"author":[{"embeddable":true,"href":"https:\/\/voyageetdestination.fr\/index.php\/wp-json\/wp\/v2\/users\/1"}],"replies":[{"embeddable":true,"href":"https:\/\/voyageetdestination.fr\/index.php\/wp-json\/wp\/v2\/comments?post=3279"}],"version-history":[{"count":3,"href":"https:\/\/voyageetdestination.fr\/index.php\/wp-json\/wp\/v2\/pages\/3279\/revisions"}],"predecessor-version":[{"id":3517,"href":"https:\/\/voyageetdestination.fr\/index.php\/wp-json\/wp\/v2\/pages\/3279\/revisions\/3517"}],"wp:attachment":[{"href":"https:\/\/voyageetdestination.fr\/index.php\/wp-json\/wp\/v2\/media?parent=3279"}],"curies":[{"name":"wp","href":"https:\/\/api.w.org\/{rel}","templated":true}]}}