{"id":1573,"date":"2020-11-16T21:34:52","date_gmt":"2020-11-16T20:34:52","guid":{"rendered":"https:\/\/voyageetdestination.fr\/?page_id=1573"},"modified":"2021-11-11T14:45:43","modified_gmt":"2021-11-11T13:45:43","slug":"pays-bas","status":"publish","type":"page","link":"https:\/\/voyageetdestination.fr\/index.php\/destinations\/pays-bas\/","title":{"rendered":"Pays-Bas"},"content":{"rendered":"\n<p class=\"has-text-align-center\">Au cours d&rsquo;un petit d\u00e9tour au Pays-Bas, nous vous faisons visiter nos coups de c\u0153ur !<\/p>\n\n\n\n<div class=\"wp-block-jetpack-tiled-gallery aligncenter is-style-circle\"><div class=\"tiled-gallery__gallery\"><div class=\"tiled-gallery__row columns-3\"><div class=\"tiled-gallery__col\"><figure class=\"tiled-gallery__item\"><img decoding=\"async\" role=\"button\" tabindex=\"0\" aria-label=\"Ouvrir l\u2019image 1 sur 3 en plein \u00e9cran\"srcset=\"https:\/\/voyageetdestination.files.wordpress.com\/2020\/11\/img_20170610_120217.jpg?resize=600,600&#038;strip=info 600w,https:\/\/voyageetdestination.files.wordpress.com\/2020\/11\/img_20170610_120217.jpg?resize=900,900&#038;strip=info 900w,https:\/\/voyageetdestination.files.wordpress.com\/2020\/11\/img_20170610_120217.jpg?resize=1200,1200&#038;strip=info 1200w,https:\/\/voyageetdestination.files.wordpress.com\/2020\/11\/img_20170610_120217.jpg?resize=1500,1500&#038;strip=info 1500w,https:\/\/voyageetdestination.files.wordpress.com\/2020\/11\/img_20170610_120217.jpg?resize=1800,1800&#038;strip=info 1800w,https:\/\/voyageetdestination.files.wordpress.com\/2020\/11\/img_20170610_120217.jpg?resize=2000,2000&#038;strip=info 2000w\" alt=\"\" data-height=\"3120\" data-id=\"1569\" data-link=\"https:\/\/voyageetdestination.fr\/img_20170610_120217\/\" data-url=\"https:\/\/voyageetdestination.files.wordpress.com\/2020\/11\/img_20170610_120217.jpg\" data-width=\"4160\" src=\"https:\/\/voyageetdestination.files.wordpress.com\/2020\/11\/img_20170610_120217.jpg?resize=2000%2C2000\" data-amp-layout=\"responsive\"\/><\/figure><\/div><div class=\"tiled-gallery__col\"><figure class=\"tiled-gallery__item\"><img decoding=\"async\" role=\"button\" tabindex=\"0\" aria-label=\"Ouvrir l\u2019image 2 sur 3 en plein \u00e9cran\"srcset=\"https:\/\/voyageetdestination.files.wordpress.com\/2020\/11\/img_20170610_134600.jpg?resize=600,600&#038;strip=info 600w,https:\/\/voyageetdestination.files.wordpress.com\/2020\/11\/img_20170610_134600.jpg?resize=900,900&#038;strip=info 900w,https:\/\/voyageetdestination.files.wordpress.com\/2020\/11\/img_20170610_134600.jpg?resize=1200,1200&#038;strip=info 1200w,https:\/\/voyageetdestination.files.wordpress.com\/2020\/11\/img_20170610_134600.jpg?resize=1500,1500&#038;strip=info 1500w,https:\/\/voyageetdestination.files.wordpress.com\/2020\/11\/img_20170610_134600.jpg?resize=1800,1800&#038;strip=info 1800w,https:\/\/voyageetdestination.files.wordpress.com\/2020\/11\/img_20170610_134600.jpg?resize=2000,2000&#038;strip=info 2000w\" alt=\"\" data-height=\"3120\" data-id=\"1570\" data-link=\"https:\/\/voyageetdestination.fr\/img_20170610_134600\/\" data-url=\"https:\/\/voyageetdestination.files.wordpress.com\/2020\/11\/img_20170610_134600.jpg\" data-width=\"4160\" src=\"https:\/\/voyageetdestination.files.wordpress.com\/2020\/11\/img_20170610_134600.jpg?resize=2000%2C2000\" data-amp-layout=\"responsive\"\/><\/figure><\/div><div class=\"tiled-gallery__col\"><figure class=\"tiled-gallery__item\"><img decoding=\"async\" role=\"button\" tabindex=\"0\" aria-label=\"Ouvrir l\u2019image 3 sur 3 en plein \u00e9cran\"srcset=\"https:\/\/voyageetdestination.files.wordpress.com\/2020\/11\/img_20170610_173744.jpg?resize=600,600&#038;strip=info 600w,https:\/\/voyageetdestination.files.wordpress.com\/2020\/11\/img_20170610_173744.jpg?resize=900,900&#038;strip=info 900w,https:\/\/voyageetdestination.files.wordpress.com\/2020\/11\/img_20170610_173744.jpg?resize=1200,1200&#038;strip=info 1200w,https:\/\/voyageetdestination.files.wordpress.com\/2020\/11\/img_20170610_173744.jpg?resize=1500,1500&#038;strip=info 1500w,https:\/\/voyageetdestination.files.wordpress.com\/2020\/11\/img_20170610_173744.jpg?resize=1800,1800&#038;strip=info 1800w,https:\/\/voyageetdestination.files.wordpress.com\/2020\/11\/img_20170610_173744.jpg?resize=2000,2000&#038;strip=info 2000w\" alt=\"\" data-height=\"2731\" data-id=\"1572\" data-link=\"https:\/\/voyageetdestination.fr\/img_20170610_173744\/\" data-url=\"https:\/\/voyageetdestination.files.wordpress.com\/2020\/11\/img_20170610_173744.jpg\" data-width=\"4128\" src=\"https:\/\/voyageetdestination.files.wordpress.com\/2020\/11\/img_20170610_173744.jpg?resize=2000%2C2000\" data-amp-layout=\"responsive\"\/><\/figure><\/div><\/div><\/div><\/div>\n\n\n\n<p class=\"has-text-align-center has-medium-font-size\">D\u00e9couverte des Pays-Bas<\/p>\n\n\n\n<div class=\"wp-block-jetpack-map is-style-terrain\" data-map-id=\"jp-map-1\" data-map-provider=\"mapbox\" data-api-key=\"pk.eyJ1IjoibW9yZ2FuZXZveWFnZSIsImEiOiJja3Z2MDRpd3owNXg5MnVwaHJxdXJ5aDRmIn0.vKRsHB18cwCzj2k-3SqC7Q\" data-map-style=\"terrain\"><ul><li><a href=\"https:\/\/www.google.com\/maps\/search\/?api=1&amp;query=50.86667,5.68333\">Maastricht<\/a><\/li><\/ul><\/div>\n\n\n\n<p><\/p>\n\n\n\n<h2 class=\"wp-block-heading\">Les derniers articles<\/h2>\n\n\n\n<hr class=\"wp-block-separator has-text-color has-background has-background-dark-background-color has-background-dark-color is-style-default\"\/>\n\n\n<ul class=\"wp-block-latest-posts__list has-dates wp-block-latest-posts\"><li><div class=\"wp-block-latest-posts__featured-image\"><img loading=\"lazy\" decoding=\"async\" width=\"150\" height=\"150\" src=\"https:\/\/voyageetdestination.fr\/wp-content\/uploads\/2022\/12\/IMG_20170418_120921-1-150x150.jpg\" class=\"attachment-thumbnail size-thumbnail wp-post-image\" alt=\"\" style=\"\" data-attachment-id=\"3628\" data-permalink=\"https:\/\/voyageetdestination.fr\/img_20170418_120921-2\/\" data-orig-file=\"https:\/\/voyageetdestination.fr\/wp-content\/uploads\/2022\/12\/IMG_20170418_120921-1-scaled.jpg\" data-orig-size=\"2560,1920\" data-comments-opened=\"1\" data-image-meta=\"{&quot;aperture&quot;:&quot;2&quot;,&quot;credit&quot;:&quot;&quot;,&quot;camera&quot;:&quot;ALE-L21&quot;,&quot;caption&quot;:&quot;&quot;,&quot;created_timestamp&quot;:&quot;1492517362&quot;,&quot;copyright&quot;:&quot;&quot;,&quot;focal_length&quot;:&quot;3.79&quot;,&quot;iso&quot;:&quot;100&quot;,&quot;shutter_speed&quot;:&quot;0.00039308176100629&quot;,&quot;title&quot;:&quot;&quot;,&quot;orientation&quot;:&quot;0&quot;}\" data-image-title=\"IMG_20170418_120921\" data-image-description=\"\" data-image-caption=\"&lt;p&gt;Museumplein&lt;\/p&gt;\n\" data-large-file=\"https:\/\/voyageetdestination.fr\/wp-content\/uploads\/2022\/12\/IMG_20170418_120921-1-1024x768.jpg\" \/><\/div><a class=\"wp-block-latest-posts__post-title\" href=\"https:\/\/voyageetdestination.fr\/index.php\/2022\/12\/03\/voyage-a-amsterdam-partie-2\/\">Voyage \u00e0 Amsterdam &#8211; Partie 2<\/a><time datetime=\"2022-12-03T10:00:00+01:00\" class=\"wp-block-latest-posts__post-date\">3 d\u00e9cembre 2022<\/time><div class=\"wp-block-latest-posts__post-excerpt\">Avec une dizaine de mus\u00e9es, Amsterdam est une ville qui se d\u00e9couvre en ext\u00e9rieur, comme en int\u00e9rieur. Par ici la visite ! Avant d&rsquo;aller tout droit dans certains mus\u00e9es de la ville, il nous faut passer par quelques lieux incontournables. Le palais royal, Paleis op de Dam C\u2019est l\u2019ancien h\u00f4tel de ville d\u2019Amsterdam, construit dans\u2026 <a class=\"wp-block-latest-posts__read-more\" href=\"https:\/\/voyageetdestination.fr\/index.php\/2022\/12\/03\/voyage-a-amsterdam-partie-2\/\" rel=\"noopener noreferrer\">Lire la suite<span class=\"screen-reader-text\">\u00a0: Voyage \u00e0 Amsterdam &#8211; Partie 2<\/span><\/a><\/div><\/li>\n<li><div class=\"wp-block-latest-posts__featured-image\"><img loading=\"lazy\" decoding=\"async\" width=\"150\" height=\"150\" src=\"https:\/\/voyageetdestination.fr\/wp-content\/uploads\/2022\/11\/IMG_20170417_143057-150x150.jpg\" class=\"attachment-thumbnail size-thumbnail wp-post-image\" alt=\"\" style=\"\" data-attachment-id=\"3600\" data-permalink=\"https:\/\/voyageetdestination.fr\/img_20170417_143057\/\" data-orig-file=\"https:\/\/voyageetdestination.fr\/wp-content\/uploads\/2022\/11\/IMG_20170417_143057-scaled.jpg\" data-orig-size=\"2560,1920\" data-comments-opened=\"1\" data-image-meta=\"{&quot;aperture&quot;:&quot;2&quot;,&quot;credit&quot;:&quot;&quot;,&quot;camera&quot;:&quot;ALE-L21&quot;,&quot;caption&quot;:&quot;&quot;,&quot;created_timestamp&quot;:&quot;1492439458&quot;,&quot;copyright&quot;:&quot;&quot;,&quot;focal_length&quot;:&quot;3.79&quot;,&quot;iso&quot;:&quot;100&quot;,&quot;shutter_speed&quot;:&quot;0.00097087378640777&quot;,&quot;title&quot;:&quot;&quot;,&quot;orientation&quot;:&quot;0&quot;}\" data-image-title=\"IMG_20170417_143057\" data-image-description=\"\" data-image-caption=\"&lt;p&gt;Les p\u00e9niches&lt;\/p&gt;\n\" data-large-file=\"https:\/\/voyageetdestination.fr\/wp-content\/uploads\/2022\/11\/IMG_20170417_143057-1024x768.jpg\" \/><\/div><a class=\"wp-block-latest-posts__post-title\" href=\"https:\/\/voyageetdestination.fr\/index.php\/2022\/11\/22\/voyage-a-amsterdam-partie-1\/\">Voyage \u00e0 Amsterdam &#8211; Partie 1<\/a><time datetime=\"2022-11-22T17:00:00+01:00\" class=\"wp-block-latest-posts__post-date\">22 novembre 2022<\/time><div class=\"wp-block-latest-posts__post-excerpt\">Envie de canaux, de p\u00e9niches et de hautes maisons au bord de l&rsquo;eau&nbsp;? En route pour la capitale des Pays-Bas&nbsp;! Un peu d\u2019architecture Amsterdam est un gigantesque ensemble architectural repr\u00e9sentatif des Pays-Bas et refl\u00e8te une atmosph\u00e8re assez particuli\u00e8re. Les b\u00e2timents sont construits sur pilotis et \u00e7a, pour une capitale, c&rsquo;est sp\u00e9cial ! \u00c0 l\u2019origine, Amsterdam\u2026 <a class=\"wp-block-latest-posts__read-more\" href=\"https:\/\/voyageetdestination.fr\/index.php\/2022\/11\/22\/voyage-a-amsterdam-partie-1\/\" rel=\"noopener noreferrer\">Lire la suite<span class=\"screen-reader-text\">\u00a0: Voyage \u00e0 Amsterdam &#8211; Partie 1<\/span><\/a><\/div><\/li>\n<li><div class=\"wp-block-latest-posts__featured-image\"><img loading=\"lazy\" decoding=\"async\" width=\"150\" height=\"150\" src=\"https:\/\/voyageetdestination.fr\/wp-content\/uploads\/2020\/11\/IMG_20170610_173744-150x150.jpg\" class=\"attachment-thumbnail size-thumbnail wp-post-image\" alt=\"\" style=\"\" data-attachment-id=\"3216\" data-permalink=\"https:\/\/voyageetdestination.fr\/index.php\/2020\/11\/17\/un-detour-au-pays-bas-a-la-decouverte-de-maastricht\/img_20170610_173744\/\" data-orig-file=\"https:\/\/voyageetdestination.fr\/wp-content\/uploads\/2020\/11\/IMG_20170610_173744-scaled.jpg\" data-orig-size=\"2560,1694\" data-comments-opened=\"1\" data-image-meta=\"{&quot;aperture&quot;:&quot;2&quot;,&quot;credit&quot;:&quot;&quot;,&quot;camera&quot;:&quot;ALE-L21&quot;,&quot;caption&quot;:&quot;&quot;,&quot;created_timestamp&quot;:&quot;1497116265&quot;,&quot;copyright&quot;:&quot;&quot;,&quot;focal_length&quot;:&quot;3.79&quot;,&quot;iso&quot;:&quot;100&quot;,&quot;shutter_speed&quot;:&quot;0.00048543689320388&quot;,&quot;title&quot;:&quot;&quot;,&quot;orientation&quot;:&quot;1&quot;}\" data-image-title=\"Maastricht\" data-image-description=\"\" data-image-caption=\"\" data-large-file=\"https:\/\/voyageetdestination.fr\/wp-content\/uploads\/2020\/11\/IMG_20170610_173744-1024x677.jpg\" \/><\/div><a class=\"wp-block-latest-posts__post-title\" href=\"https:\/\/voyageetdestination.fr\/index.php\/2020\/11\/17\/un-detour-au-pays-bas-a-la-decouverte-de-maastricht\/\">Un d\u00e9tour aux Pays-Bas : \u00e0 la d\u00e9couverte de Maastricht<\/a><time datetime=\"2020-11-17T19:00:00+01:00\" class=\"wp-block-latest-posts__post-date\">17 novembre 2020<\/time><div class=\"wp-block-latest-posts__post-excerpt\">Ah, Maastricht ! On conna\u00eet tous un peu cette ville. Rien qu&rsquo;en \u00e9coutant les informations ou en \u00e9voquant l&rsquo;Union europ\u00e9enne, on a forc\u00e9ment au moins une fois entendu parler du fameux Trait\u00e9 de Maastricht qui en pose les bases. Mais au-del\u00e0 de \u00e7a, pour nous, c&rsquo;est un peu tout ce que cela nous \u00e9voquait. Si\u2026 <a class=\"wp-block-latest-posts__read-more\" href=\"https:\/\/voyageetdestination.fr\/index.php\/2020\/11\/17\/un-detour-au-pays-bas-a-la-decouverte-de-maastricht\/\" rel=\"noopener noreferrer\">Lire la suite<span class=\"screen-reader-text\">\u00a0: Un d\u00e9tour aux Pays-Bas : \u00e0 la d\u00e9couverte de Maastricht<\/span><\/a><\/div><\/li>\n<\/ul>","protected":false},"excerpt":{"rendered":"<p class=\"text-justify\">Au cours d&rsquo;un petit d\u00e9tour au Pays-Bas, nous vous faisons visiter nos coups de c\u0153ur ! D\u00e9couverte des Pays-Bas Les derniers articles<\/p>\n","protected":false},"author":1,"featured_media":0,"parent":358,"menu_order":0,"comment_status":"open","ping_status":"closed","template":"","meta":{"jetpack_post_was_ever_published":false,"footnotes":""},"class_list":["post-1573","page","type-page","status-publish","hentry"],"jetpack_sharing_enabled":true,"jetpack_likes_enabled":true,"_links":{"self":[{"href":"https:\/\/voyageetdestination.fr\/index.php\/wp-json\/wp\/v2\/pages\/1573","targetHints":{"allow":["GET"]}}],"collection":[{"href":"https:\/\/voyageetdestination.fr\/index.php\/wp-json\/wp\/v2\/pages"}],"about":[{"href":"https:\/\/voyageetdestination.fr\/index.php\/wp-json\/wp\/v2\/types\/page"}],"author":[{"embeddable":true,"href":"https:\/\/voyageetdestination.fr\/index.php\/wp-json\/wp\/v2\/users\/1"}],"replies":[{"embeddable":true,"href":"https:\/\/voyageetdestination.fr\/index.php\/wp-json\/wp\/v2\/comments?post=1573"}],"version-history":[{"count":4,"href":"https:\/\/voyageetdestination.fr\/index.php\/wp-json\/wp\/v2\/pages\/1573\/revisions"}],"predecessor-version":[{"id":3188,"href":"https:\/\/voyageetdestination.fr\/index.php\/wp-json\/wp\/v2\/pages\/1573\/revisions\/3188"}],"up":[{"embeddable":true,"href":"https:\/\/voyageetdestination.fr\/index.php\/wp-json\/wp\/v2\/pages\/358"}],"wp:attachment":[{"href":"https:\/\/voyageetdestination.fr\/index.php\/wp-json\/wp\/v2\/media?parent=1573"}],"curies":[{"name":"wp","href":"https:\/\/api.w.org\/{rel}","templated":true}]}}